{"id":32,"date":"2018-01-17T21:45:38","date_gmt":"2018-01-17T21:45:38","guid":{"rendered":"https:\/\/quandi.neel.cnrs.fr\/?page_id=32"},"modified":"2023-03-06T21:56:10","modified_gmt":"2023-03-06T21:56:10","slug":"sit-18","status":"publish","type":"page","link":"https:\/\/quandi.neel.cnrs.fr\/","title":{"rendered":"QuanDi"},"content":{"rendered":"\n<h2 class=\"has-text-align-center wp-block-heading\"><em><strong>International Workshop on <\/strong><\/em><\/h2>\n\n\n\n<h2 class=\"has-text-align-center wp-block-heading\"><strong>The physics of disordered superconductors and their application to quantum circuits<\/strong><\/h2>\n\n\n\n<p class=\"has-text-align-center\">Les Houches, France<\/p>\n\n\n\n<p class=\"has-text-align-center\">5 &#8211; 9 Juner 2023<\/p>\n\n\n\n<p>Disordered superconductors are prototypical systems for the study of quantum phase transitions or quantum localization phenomena, and, at the same time, they hold the promise of potentially ground-breaking applications for new hybrid quantum devices and qubits. The goal of this International Workshop is to gather world-experts theoreticans and experimentalists to address and elucidate the slew of new challenges that arose recently recently with the advent of innovative experimental techniques, new materials and theoretical advances.<\/p>\n\n\n\n<p><strong>Topics<\/strong><\/p>\n\n\n\n<ol class=\"wp-block-list\" type=\"A\">\n<li>Cooper-pair insulators and many-body localization<\/li>\n\n\n\n<li>Tunnelling and noise spectroscopy<\/li>\n\n\n\n<li>Microwave properties of super-inductors<\/li>\n\n\n\n<li>Hybrid qubits for fault tolerant quantum computation.<\/li>\n<\/ol>\n\n\n\n<p><strong>Organizing committee<\/strong><\/p>\n\n\n\n<p>Milan Allan, <em>Leiden University<\/em><br>Mikhail Feigel\u2019man, <em>Landau Institute For Theoretical Physics &amp; LPMMC<\/em><br>Lev Ioffe, <em>Google Quantum AI<\/em><br>Nicolas Roch, <em>Institut N\u00e9el, CNRS<\/em><br>Benjamin Sac\u00e9p\u00e9, <em>Institut N\u00e9el, CNRS<\/em><br><\/p>\n\n\n\n<p><strong>email<\/strong>: <a href=\"mailto:workshop.quandi@gmail.com\">workshop.quandi@gmail.com<\/a><\/p>\n","protected":false},"excerpt":{"rendered":"<p>International Workshop on The physics of disordered superconductors and their application to quantum circuits Les Houches, France 5 &#8211; 9 Juner 2023 Disordered superconductors are prototypical systems for the study of quantum phase transitions or quantum localization phenomena, and, at &hellip; <a href=\"https:\/\/quandi.neel.cnrs.fr\/\">Continue reading <span class=\"meta-nav\">&rarr;<\/span><\/a><\/p>\n","protected":false},"author":1,"featured_media":0,"parent":0,"menu_order":0,"comment_status":"closed","ping_status":"closed","template":"","meta":{"footnotes":""},"class_list":["post-32","page","type-page","status-publish","hentry"],"_links":{"self":[{"href":"https:\/\/quandi.neel.cnrs.fr\/index.php\/wp-json\/wp\/v2\/pages\/32"}],"collection":[{"href":"https:\/\/quandi.neel.cnrs.fr\/index.php\/wp-json\/wp\/v2\/pages"}],"about":[{"href":"https:\/\/quandi.neel.cnrs.fr\/index.php\/wp-json\/wp\/v2\/types\/page"}],"author":[{"embeddable":true,"href":"https:\/\/quandi.neel.cnrs.fr\/index.php\/wp-json\/wp\/v2\/users\/1"}],"replies":[{"embeddable":true,"href":"https:\/\/quandi.neel.cnrs.fr\/index.php\/wp-json\/wp\/v2\/comments?post=32"}],"version-history":[{"count":32,"href":"https:\/\/quandi.neel.cnrs.fr\/index.php\/wp-json\/wp\/v2\/pages\/32\/revisions"}],"predecessor-version":[{"id":409,"href":"https:\/\/quandi.neel.cnrs.fr\/index.php\/wp-json\/wp\/v2\/pages\/32\/revisions\/409"}],"wp:attachment":[{"href":"https:\/\/quandi.neel.cnrs.fr\/index.php\/wp-json\/wp\/v2\/media?parent=32"}],"curies":[{"name":"wp","href":"https:\/\/api.w.org\/{rel}","templated":true}]}}