{"id":14,"date":"2018-01-17T23:37:18","date_gmt":"2018-01-17T23:37:18","guid":{"rendered":"https:\/\/quandi.neel.cnrs.fr\/?page_id=14"},"modified":"2023-07-15T18:55:40","modified_gmt":"2023-07-15T18:55:40","slug":"program","status":"publish","type":"page","link":"https:\/\/quandi.neel.cnrs.fr\/index.php\/program\/","title":{"rendered":"Program"},"content":{"rendered":"<h1><strong>Timetable<\/strong><\/h1>\n<h3><img loading=\"lazy\" decoding=\"async\" class=\"alignnone  wp-image-495\" src=\"https:\/\/quandi.neel.cnrs.fr\/wp-content\/uploads\/2023\/06\/Time-table-v2-300x136.png\" alt=\"\" width=\"662\" height=\"300\" srcset=\"https:\/\/quandi.neel.cnrs.fr\/wp-content\/uploads\/2023\/06\/Time-table-v2-300x136.png 300w, https:\/\/quandi.neel.cnrs.fr\/wp-content\/uploads\/2023\/06\/Time-table-v2-1024x465.png 1024w, https:\/\/quandi.neel.cnrs.fr\/wp-content\/uploads\/2023\/06\/Time-table-v2-768x349.png 768w, https:\/\/quandi.neel.cnrs.fr\/wp-content\/uploads\/2023\/06\/Time-table-v2.png 1161w\" sizes=\"(max-width: 662px) 100vw, 662px\" \/><\/h3>\n<h1><strong>Program<\/strong><\/h1>\n<h2><strong>Monday 5<\/strong><\/h2>\n<p><strong>8:30 &#8211; 9:15\u00a0\u00a0\u00a0\u00a0\u00a0\u00a0\u00a0\u00a0 Pratap Raychaudhuri<br \/>\n<\/strong><\/p>\n<p style=\"padding-left: 40px;\"><em><a href=\"https:\/\/quandi.neel.cnrs.fr\/wp-content\/uploads\/2023\/07\/Raychaudhuri-Structure-and-Dynamics-of-a-pinned-vortex-liquid.pdf\"><span data-sheets-value=\"{&quot;1&quot;:2,&quot;2&quot;:&quot;Structure and dynamics of a pinned vortex liquid in superconducting a-Re_xZr (x ~ 6) thin film&quot;}\" data-sheets-userformat=\"{&quot;2&quot;:14849,&quot;3&quot;:{&quot;1&quot;:0},&quot;12&quot;:0,&quot;14&quot;:{&quot;1&quot;:2,&quot;2&quot;:0},&quot;15&quot;:&quot;Arial&quot;,&quot;16&quot;:10}\">Structure and dynamics of a pinned vortex liquid in superconducting a-RexZr (x ~ 6) thin film<\/span><\/a><br \/>\n<\/em><\/p>\n<p><strong>9:15 &#8211; 10:00\u00a0\u00a0\u00a0\u00a0\u00a0\u00a0 Marc Scheffler<\/strong><\/p>\n<p style=\"padding-left: 40px;\"><em>Dielectric response near the superconductor-insulator transitio<\/em><\/p>\n<p><strong>10:15 &#8211; 11:00\u00a0\u00a0\u00a0\u00a0\u00a0 Thibault Charpentier (<a href=\"https:\/\/videos.univ-grenoble-alpes.fr\/video\/27092-charpentier\/\" target=\"_blank\" rel=\"noopener\">video<\/a>)<br \/>\n<\/strong><\/p>\n<p style=\"padding-left: 40px;\"><a href=\"https:\/\/quandi.neel.cnrs.fr\/wp-content\/uploads\/2023\/06\/Charpentier-Talk_Houches-compressed.pdf\"><em>First-order quantum breakdown of a bosonic disordered superconductor<\/em><\/a><\/p>\n<p><strong>11:00 &#8211; 11:45\u00a0\u00a0\u00a0\u00a0\u00a0\u00a0 Anton Khvalyuk (<a href=\"https:\/\/videos.univ-grenoble-alpes.fr\/video\/27099-anton\/\" target=\"_blank\" rel=\"noopener\">video<\/a>)<br \/>\n<\/strong><\/p>\n<p style=\"padding-left: 40px;\"><a href=\"https:\/\/quandi.neel.cnrs.fr\/wp-content\/uploads\/2023\/06\/Anton-Superfluid-density_Les-Houches_slides.pdf\" target=\"_blank\" rel=\"noopener\"><em>Analytic Theory of Low-Temperature Dependence of the Superfluid Stiffness in Strongly Disordered Superconductors.<\/em><\/a><\/p>\n<p><strong>11:45 &#8211; 12:30\u00a0\u00a0\u00a0\u00a0\u00a0 Igor Poboiko (<a href=\"https:\/\/videos.univ-grenoble-alpes.fr\/video\/27103-poboiko\" target=\"_blank\" rel=\"noopener\">video<\/a>)<br \/>\n<\/strong><\/p>\n<p style=\"padding-left: 40px;\"><a href=\"https:\/\/quandi.neel.cnrs.fr\/wp-content\/uploads\/2023\/06\/Poboidko-presentation.pdf\"><em>First-order superconductor-insulator transition: interplay between superconductivity and Coulomb glass<\/em><\/a><\/p>\n<hr \/>\n<p><strong>16:30 &#8211; 17:15\u00a0\u00a0\u00a0\u00a0\u00a0\u00a0 Vladimir Kravtsov<\/strong><\/p>\n<p style=\"padding-left: 40px;\"><a href=\"https:\/\/quandi.neel.cnrs.fr\/wp-content\/uploads\/2023\/06\/Kravtsov-LesHouche.pdf\" target=\"_blank\" rel=\"noopener\"><em>Electron-Phonon cooling in insulators<\/em><\/a><\/p>\n<p><strong>17:15 &#8211; 18:00\u00a0\u00a0\u00a0\u00a0\u00a0\u00a0 Chunqing Deng (<a href=\"https:\/\/videos.univ-grenoble-alpes.fr\/video\/27133-deng\/\" target=\"_blank\" rel=\"noopener\">video<\/a>)<br \/>\n<\/strong><\/p>\n<p style=\"padding-left: 40px;\"><a href=\"https:\/\/quandi.neel.cnrs.fr\/wp-content\/uploads\/2023\/06\/Deng-QuanDi2023-noise-spectroscopy.pdf\" target=\"_blank\" rel=\"noopener\"><em>Noise spectroscopy of superinductors using fluxonium qubits<\/em><\/a><\/p>\n<p><strong>18:00 &#8211; 18:45\u00a0\u00a0\u00a0\u00a0\u00a0\u00a0 Andras Gyenis (<a href=\"https:\/\/videos.univ-grenoble-alpes.fr\/video\/27134-andras\/\" target=\"_blank\" rel=\"noopener\">video<\/a>)<br \/>\n<\/strong><\/p>\n<p style=\"padding-left: 40px;\"><em>Towards new superconducting circuit elements from disordered materials<\/em><\/p>\n<h2><strong>Tuesday 6<br \/>\n<\/strong><\/h2>\n<p><strong>8:30 &#8211; 9:15\u00a0\u00a0\u00a0\u00a0\u00a0\u00a0\u00a0\u00a0 Christoph Strunk (<a href=\"https:\/\/videos.univ-grenoble-alpes.fr\/video\/27137-strunk\/\" target=\"_blank\" rel=\"noopener\">video<\/a>)<br \/>\n<\/strong><\/p>\n<p style=\"padding-left: 40px;\"><em>Berezinskii-Kosterlitz-Thouless transition in ultrathin NbN films revisited<\/em><\/p>\n<p><strong>9:15 &#8211; 10:00\u00a0\u00a0\u00a0\u00a0\u00a0\u00a0 Lara Benfatto (<a href=\"https:\/\/videos.univ-grenoble-alpes.fr\/video\/27139-benfato\/\" target=\"_blank\" rel=\"noopener\">video<\/a>)<br \/>\n<\/strong><\/p>\n<p style=\"padding-left: 40px;\"><a href=\"https:\/\/quandi.neel.cnrs.fr\/wp-content\/uploads\/2023\/06\/Benfatto.pdf\"><em>Optical response of Josephson-like plasma waves in superconductors<\/em><\/a><\/p>\n<p><strong>10:15 &#8211; 11:00\u00a0\u00a0\u00a0\u00a0\u00a0 Pieter de Visser (<a href=\"https:\/\/videos.univ-grenoble-alpes.fr\/video\/27140-visser\/\" target=\"_blank\" rel=\"noopener\">video<\/a>)<br \/>\n<\/strong><\/p>\n<p style=\"padding-left: 40px;\"><a href=\"https:\/\/quandi.neel.cnrs.fr\/wp-content\/uploads\/2023\/06\/DeVisser-LesHouches_PdV_2023-06-06_compressed.pdf\" target=\"_blank\" rel=\"noopener\"><em>Energy-resolved single photon counting in MKIDs with disordered superconductors<\/em><\/a><\/p>\n<p><strong>11:00 &#8211; 11:45\u00a0\u00a0\u00a0\u00a0\u00a0\u00a0 J\u00fcrgen Lisenfeld<br \/>\n<\/strong><\/p>\n<p style=\"padding-left: 40px;\"><a href=\"https:\/\/quandi.neel.cnrs.fr\/wp-content\/uploads\/2023\/06\/LesHouches_Lisenfeld_TLS_Defects.pdf\" target=\"_blank\" rel=\"noopener\"><em>Defects in superconducting qubits: origins, ramifications, and remedies<\/em><\/a><\/p>\n<p><strong>11:45 &#8211; 12:30\u00a0\u00a0\u00a0\u00a0\u00a0 Lara Faoro (<a href=\"https:\/\/videos.univ-grenoble-alpes.fr\/video\/27142-faoro\/\" target=\"_blank\" rel=\"noopener\">video<\/a>)<br \/>\n<\/strong><\/p>\n<p style=\"padding-left: 40px;\"><em>Two Level Systems as possible origin of Kerr effect in resonators based on disordered superconductors<\/em><\/p>\n<hr \/>\n<p><strong>16:30 &#8211; 17:15\u00a0\u00a0\u00a0\u00a0\u00a0\u00a0 Ioan Pop<\/strong><\/p>\n<p style=\"padding-left: 40px;\"><a href=\"https:\/\/quandi.neel.cnrs.fr\/wp-content\/uploads\/2023\/07\/2023_06_06_LesHouches_Ioan_Pop.pdf\"><em>Limit testing granular Aluminum for cQED<\/em><\/a><\/p>\n<p><strong>17:15 &#8211; 18:00\u00a0\u00a0\u00a0\u00a0\u00a0\u00a0 Kyle Serniak<br \/>\n<\/strong><\/p>\n<p style=\"padding-left: 40px;\"><em>Towards Quantum Processors with Fluxonium and Zero-Pi Qubits<\/em><\/p>\n<p><strong>18:00 &#8211; 18:45\u00a0\u00a0\u00a0\u00a0\u00a0\u00a0 Chunyang Ding (<a href=\"https:\/\/videos.univ-grenoble-alpes.fr\/video\/27145-ding\/\" target=\"_blank\" rel=\"noopener\">video<\/a>)<br \/>\n<\/strong><\/p>\n<p style=\"padding-left: 40px;\"><a href=\"https:\/\/quandi.neel.cnrs.fr\/wp-content\/uploads\/2023\/07\/Chunyang-20230606_LesHouches_v3.pdf\"><em>Beyond the RWA for high-fidelity galvanically-coupled fluxonium gates<\/em><\/a><\/p>\n<h2><strong>Wednesday 7<\/strong><\/h2>\n<p><strong>8:30 &#8211; 9:15\u00a0\u00a0\u00a0\u00a0\u00a0\u00a0\u00a0\u00a0 Vladimir Manucharyan (<a href=\"https:\/\/videos.univ-grenoble-alpes.fr\/video\/27146-manucharyan\/\" target=\"_blank\" rel=\"noopener\">video<\/a>)<br \/>\n<\/strong><\/p>\n<p style=\"padding-left: 40px;\"><em>Quantum electrodynamics of superconductor-insulator transitions<\/em><\/p>\n<p><strong>9:15 &#8211; 10:00\u00a0\u00a0\u00a0\u00a0\u00a0\u00a0 Serge Florens (<a href=\"https:\/\/videos.univ-grenoble-alpes.fr\/video\/27148-florens\/\" target=\"_blank\" rel=\"noopener\">video<\/a>)<br \/>\n<\/strong><\/p>\n<p style=\"padding-left: 40px;\"><a href=\"https:\/\/quandi.neel.cnrs.fr\/wp-content\/uploads\/2023\/06\/Talk_Florens.pdf\"><em>Many-body impurity physics in designed Josephson circuits<\/em><\/a><\/p>\n<p><strong>10:15 &#8211; 11:00\u00a0\u00a0\u00a0\u00a0\u00a0 Claude Chapelier (<a href=\"https:\/\/videos.univ-grenoble-alpes.fr\/video\/27150-chapelier\/\" target=\"_blank\" rel=\"noopener\">video<\/a>)<br \/>\n<\/strong><\/p>\n<p style=\"padding-left: 40px;\"><a href=\"https:\/\/quandi.neel.cnrs.fr\/wp-content\/uploads\/2023\/06\/SCCM-Les-Houches-Chapelier.pdf\"><em>Scanning Critical Current Microscopy<\/em><\/a><\/p>\n<p><strong>11:00 &#8211; 11:45\u00a0\u00a0\u00a0\u00a0\u00a0\u00a0 W\u00fclf Wulfhekel (<a href=\"https:\/\/videos.univ-grenoble-alpes.fr\/video\/27151-wulf\/\" target=\"_blank\" rel=\"noopener\">video<\/a>)<br \/>\n<\/strong><\/p>\n<p style=\"padding-left: 40px;\"><a href=\"https:\/\/quandi.neel.cnrs.fr\/wp-content\/uploads\/2023\/06\/Wulf-LesHouches2023s.pdf\" target=\"_blank\" rel=\"noopener\"><em>Yu-Shiba-Rusinov States and Long-lived Bosonic Excitations in Granular Aluminium<\/em><\/a><\/p>\n<p><strong>11:45 &#8211; 12:30\u00a0\u00a0\u00a0\u00a0\u00a0 Claire Marrache-Kikuchi (<a href=\"https:\/\/videos.univ-grenoble-alpes.fr\/video\/27152-marrache\/\" target=\"_blank\" rel=\"noopener\">video<\/a>)<br \/>\n<\/strong><\/p>\n<p style=\"padding-left: 40px;\"><a href=\"https:\/\/quandi.neel.cnrs.fr\/wp-content\/uploads\/2023\/06\/Marrache-2023_Les_Houches_QuanDi.pdf\" target=\"_blank\" rel=\"noopener\"><em>Current bistability close to the Superconductor-Insulator Transition<\/em><\/a><\/p>\n<p><strong>Free afternoon<\/strong><\/p>\n<h2><strong>Thursday 8<br \/>\n<\/strong><\/h2>\n<p><strong>\u00a08:30 &#8211; 9:15\u00a0\u00a0\u00a0\u00a0\u00a0\u00a0\u00a0\u00a0 Leonid Glazman (<a href=\"https:\/\/videos.univ-grenoble-alpes.fr\/luniversite\/2023-the-physics-of-disordered-superconductors-and-their-application-to-quantum-circuits\/video\/27155-glazman\/\" target=\"_blank\" rel=\"noopener\">video<\/a>)<br \/>\n<\/strong><\/p>\n<p style=\"padding-left: 40px;\"><a href=\"https:\/\/quandi.neel.cnrs.fr\/wp-content\/uploads\/2023\/06\/Glazman_Les_Houches.pdf\"><em>Disorder in Andreev reflection of a quantum Hall edge<\/em><\/a><\/p>\n<p><strong>9:15 &#8211; 10:00\u00a0\u00a0\u00a0\u00a0\u00a0\u00a0 Adolfo Grushin (<a href=\"https:\/\/videos.univ-grenoble-alpes.fr\/luniversite\/2023-the-physics-of-disordered-superconductors-and-their-application-to-quantum-circuits\/video\/27160-grushin\/\" target=\"_blank\" rel=\"noopener\">video<\/a>)<br \/>\n<\/strong><\/p>\n<p style=\"padding-left: 40px;\"><a href=\"https:\/\/quandi.neel.cnrs.fr\/wp-content\/uploads\/2023\/06\/Grushin-CSL_Les_Houches_pdf_compressed.pdf\" target=\"_blank\" rel=\"noopener\"><em>Amorphous and polycrystalline routes towards a chiral spin liquid<\/em><\/a><\/p>\n<p><strong>10:15 &#8211; 11:00\u00a0\u00a0\u00a0\u00a0\u00a0 Milan Allan (<a href=\"https:\/\/videos.univ-grenoble-alpes.fr\/luniversite\/2023-the-physics-of-disordered-superconductors-and-their-application-to-quantum-circuits\/video\/27161-alan\/\" target=\"_blank\" rel=\"noopener\">video<\/a>)<br \/>\n<\/strong><\/p>\n<p style=\"padding-left: 40px;\"><em>The breakdown of superconductivity in quantum materials <\/em><\/p>\n<p><strong>11:00 &#8211; 11:45\u00a0\u00a0\u00a0\u00a0\u00a0\u00a0 Christophe Brun (<a href=\"https:\/\/videos.univ-grenoble-alpes.fr\/luniversite\/2023-the-physics-of-disordered-superconductors-and-their-application-to-quantum-circuits\/video\/27162-brun\/\" target=\"_blank\" rel=\"noopener\">video<\/a>)<br \/>\n<\/strong><\/p>\n<p style=\"padding-left: 40px;\"><a href=\"https:\/\/quandi.neel.cnrs.fr\/wp-content\/uploads\/2023\/06\/Brun_Houches_2023_given.pdf\" target=\"_blank\" rel=\"noopener\"><em>Analyzing LDOS and energy gap fluctuations: quantifying the interplay between electron-electron interactions and disorder<\/em><\/a><\/p>\n<p><strong>11:45 &#8211; 12:30\u00a0\u00a0\u00a0\u00a0\u00a0 Konstentin Tikhonov (<a href=\"https:\/\/videos.univ-grenoble-alpes.fr\/luniversite\/2023-the-physics-of-disordered-superconductors-and-their-application-to-quantum-circuits\/video\/27163-tikhonov\/\" target=\"_blank\" rel=\"noopener\">video<\/a>)<br \/>\n<\/strong><\/p>\n<p style=\"padding-left: 40px;\"><a href=\"https:\/\/quandi.neel.cnrs.fr\/wp-content\/uploads\/2023\/07\/Tikhonov.pdf\"><em>Proximity Effect in a Disordered Two-Dimensional Metal: interplay of the Zero-Bias Anomaly and the repulsion in the Cooper channel<\/em><\/a><\/p>\n<hr \/>\n<p><strong>16:30 &#8211; 17:15\u00a0\u00a0\u00a0\u00a0\u00a0\u00a0 Britten Plourde (<a href=\"https:\/\/videos.univ-grenoble-alpes.fr\/luniversite\/2023-the-physics-of-disordered-superconductors-and-their-application-to-quantum-circuits\/video\/27154-plourde\/\" target=\"_blank\" rel=\"noopener\">video<\/a>)<br \/>\n<\/strong><\/p>\n<p style=\"padding-left: 40px;\"><em>Anomalous Vortex Microwave Response in Disordered Granular Al Resonators<\/em><\/p>\n<p><strong>17:15 &#8211; 18:00\u00a0\u00a0\u00a0\u00a0\u00a0\u00a0 Dmytro Kiselov (<a href=\"https:\/\/videos.univ-grenoble-alpes.fr\/luniversite\/2023-the-physics-of-disordered-superconductors-and-their-application-to-quantum-circuits\/video\/27156-kiselov\/\" target=\"_blank\" rel=\"noopener\">video<\/a>)<br \/>\n<\/strong><\/p>\n<p style=\"padding-left: 40px;\"><a href=\"https:\/\/quandi.neel.cnrs.fr\/wp-content\/uploads\/2023\/07\/Kiselyov.pdf\"><em>Gapful electrons in a vortex core in granular superconductors<\/em><\/a><\/p>\n<p><strong>18:00 &#8211; 18:45\u00a0\u00a0\u00a0\u00a0\u00a0\u00a0 J\u00e9r\u00f4me Est\u00e8ve (<a href=\"https:\/\/videos.univ-grenoble-alpes.fr\/luniversite\/2023-the-physics-of-disordered-superconductors-and-their-application-to-quantum-circuits\/video\/27159-esteve\/\" target=\"_blank\" rel=\"noopener\">video<\/a>)<br \/>\n<\/strong><\/p>\n<p style=\"padding-left: 40px;\"><em><a href=\"https:\/\/quandi.neel.cnrs.fr\/wp-content\/uploads\/2023\/06\/Quandi-2023-Esteve-compressed.pdf\">Some quantum optics aspects of inelastic tunneling with a GrAl resonator<\/a><br \/>\n<\/em><\/p>\n<h2><strong>Friday 9<br \/>\n<\/strong><\/h2>\n<p><strong>\u00a08:30 &#8211; 9:15\u00a0\u00a0\u00a0\u00a0\u00a0\u00a0\u00a0\u00a0 Denis Basko (<a href=\"https:\/\/videos.univ-grenoble-alpes.fr\/luniversite\/2023-the-physics-of-disordered-superconductors-and-their-application-to-quantum-circuits\/video\/27169-basko\/\" target=\"_blank\" rel=\"noopener\">video<\/a>)<br \/>\n<\/strong><\/p>\n<p style=\"padding-left: 40px;\"><a href=\"https:\/\/quandi.neel.cnrs.fr\/wp-content\/uploads\/2023\/06\/Basko-2023_LesHouches-bistability.pdf\" target=\"_blank\" rel=\"noopener\"><em>Local bistability under microwave heating for spatially mapping disordered superconductors<\/em><\/a><\/p>\n<p><strong>9:15 &#8211; 10:00\u00a0\u00a0\u00a0\u00a0\u00a0\u00a0 Pavel Ostrovsky (<a href=\"https:\/\/videos.univ-grenoble-alpes.fr\/luniversite\/2023-the-physics-of-disordered-superconductors-and-their-application-to-quantum-circuits\/video\/27170-ostrovski\/\" target=\"_blank\" rel=\"noopener\">video<\/a>)<br \/>\n<\/strong><\/p>\n<p style=\"padding-left: 40px;\"><a href=\"https:\/\/quandi.neel.cnrs.fr\/wp-content\/uploads\/2023\/06\/Ostrovsky-leshouches23.pdf\"><em>Josephson effect in strongly disordered metallic wires<\/em><\/a><\/p>\n<p><strong>10:15 &#8211; 11:00\u00a0\u00a0\u00a0\u00a0\u00a0 Zaki Leghtas (<a href=\"https:\/\/videos.univ-grenoble-alpes.fr\/luniversite\/2023-the-physics-of-disordered-superconductors-and-their-application-to-quantum-circuits\/video\/27171-zaki\/\" target=\"_blank\" rel=\"noopener\">video<\/a>)<br \/>\n<\/strong><\/p>\n<p style=\"padding-left: 40px;\"><a href=\"https:\/\/quandi.neel.cnrs.fr\/wp-content\/uploads\/2023\/06\/LEGHTAS_LesHouches_2023.pdf\" target=\"_blank\" rel=\"noopener\"><em>Magnifying Quantum Phase Fluctuations with Cooper-Pair Pairing<\/em><\/a><\/p>\n<p><strong>11:00 &#8211; 11:45\u00a0\u00a0\u00a0\u00a0\u00a0\u00a0 Romain Maurand<\/strong><\/p>\n<p style=\"padding-left: 40px;\"><a href=\"https:\/\/quandi.neel.cnrs.fr\/wp-content\/uploads\/2023\/07\/Maurand-Houches_2023.pdf\"><em>Strong coupling between a microwave photon and a hole spin in silicon<\/em><\/a><\/p>\n<p><strong>11:45 &#8211; 12:30\u00a0\u00a0\u00a0\u00a0\u00a0 Julien Renard (<a href=\"https:\/\/videos.univ-grenoble-alpes.fr\/luniversite\/2023-the-physics-of-disordered-superconductors-and-their-application-to-quantum-circuits\/video\/27175-renard\/\" target=\"_blank\" rel=\"noopener\">video<\/a>)<br \/>\n<\/strong><\/p>\n<p style=\"padding-left: 40px;\"><a href=\"https:\/\/quandi.neel.cnrs.fr\/wp-content\/uploads\/2023\/06\/Julien_Renard_Les_Houches.pdf\" target=\"_blank\" rel=\"noopener\"><em>Loss mechanisms in TiN high impedance superconducting microwave circuits<\/em><\/a><\/p>\n<p><strong>12:30 Closing comments<\/strong><\/p>\n<p><strong>END<\/strong><\/p>\n","protected":false},"excerpt":{"rendered":"<p>Timetable Program Monday 5 8:30 &#8211; 9:15\u00a0\u00a0\u00a0\u00a0\u00a0\u00a0\u00a0\u00a0 Pratap Raychaudhuri Structure and dynamics of a pinned vortex liquid in superconducting a-RexZr (x ~ 6) thin film 9:15 &#8211; 10:00\u00a0\u00a0\u00a0\u00a0\u00a0\u00a0 Marc Scheffler Dielectric response near the superconductor-insulator transitio 10:15 &#8211; 11:00\u00a0\u00a0\u00a0\u00a0\u00a0 Thibault &hellip; <a href=\"https:\/\/quandi.neel.cnrs.fr\/index.php\/program\/\">Continue reading <span class=\"meta-nav\">&rarr;<\/span><\/a><\/p>\n","protected":false},"author":1,"featured_media":0,"parent":0,"menu_order":0,"comment_status":"closed","ping_status":"closed","template":"","meta":{"footnotes":""},"class_list":["post-14","page","type-page","status-publish","hentry"],"_links":{"self":[{"href":"https:\/\/quandi.neel.cnrs.fr\/index.php\/wp-json\/wp\/v2\/pages\/14"}],"collection":[{"href":"https:\/\/quandi.neel.cnrs.fr\/index.php\/wp-json\/wp\/v2\/pages"}],"about":[{"href":"https:\/\/quandi.neel.cnrs.fr\/index.php\/wp-json\/wp\/v2\/types\/page"}],"author":[{"embeddable":true,"href":"https:\/\/quandi.neel.cnrs.fr\/index.php\/wp-json\/wp\/v2\/users\/1"}],"replies":[{"embeddable":true,"href":"https:\/\/quandi.neel.cnrs.fr\/index.php\/wp-json\/wp\/v2\/comments?post=14"}],"version-history":[{"count":144,"href":"https:\/\/quandi.neel.cnrs.fr\/index.php\/wp-json\/wp\/v2\/pages\/14\/revisions"}],"predecessor-version":[{"id":587,"href":"https:\/\/quandi.neel.cnrs.fr\/index.php\/wp-json\/wp\/v2\/pages\/14\/revisions\/587"}],"wp:attachment":[{"href":"https:\/\/quandi.neel.cnrs.fr\/index.php\/wp-json\/wp\/v2\/media?parent=14"}],"curies":[{"name":"wp","href":"https:\/\/api.w.org\/{rel}","templated":true}]}}